{"id":2383,"date":"2020-09-27T15:07:05","date_gmt":"2020-09-27T14:07:05","guid":{"rendered":"https:\/\/the7.io\/elementor-agency\/?page_id=2383"},"modified":"2026-02-02T10:21:28","modified_gmt":"2026-02-02T10:21:28","slug":"politica-privacidad","status":"publish","type":"page","link":"https:\/\/www.mundogestioncee.com\/index.php\/politica-privacidad\/","title":{"rendered":"Pol\u00edtica de Privacidad"},"content":{"rendered":"\t\t<div data-elementor-type=\"wp-page\" data-elementor-id=\"2383\" class=\"elementor elementor-2383\" data-elementor-post-type=\"page\">\n\t\t\t\t\t\t<section class=\"elementor-section elementor-top-section elementor-element elementor-element-b265203 elementor-section-boxed elementor-section-height-default elementor-section-height-default\" data-id=\"b265203\" data-element_type=\"section\" data-e-type=\"section\">\n\t\t\t\t\t\t<div class=\"elementor-container elementor-column-gap-wider\">\n\t\t\t\t\t<div class=\"elementor-column elementor-col-100 elementor-top-column elementor-element elementor-element-37443ca\" data-id=\"37443ca\" data-element_type=\"column\" data-e-type=\"column\">\n\t\t\t<div class=\"elementor-widget-wrap elementor-element-populated\">\n\t\t\t\t\t\t<div class=\"elementor-element elementor-element-2983859 elementor-widget elementor-widget-html\" data-id=\"2983859\" data-element_type=\"widget\" data-e-type=\"widget\" data-widget_type=\"html.default\">\n\t\t\t\t<div class=\"elementor-widget-container\">\n\t\t\t\t\t<h2 style=\"text-align:center;margin-bottom:20px\">WEB: Pol\u00edtica de PRIVACIDAD<\/h2>\n<p style=\"text-align: center;\"><strong>POL\u00cdTICA DE PRIVACIDAD<\/strong><\/p>\n\n<p><strong>1. INFORMACI\u00d3N AL USUARIO<\/strong><\/p>\n\n<p style=\"text-align: justify;\"><strong>MUNDO GESTION CEE SL<\/strong>, en adelante RESPONSABLE, es el Responsable del tratamiento de los datos personales del Usuario y le informa que estos datos ser\u00e1n tratados de conformidad con lo dispuesto en el Reglamento (UE) 2016\/679 de 27 de abril (RGPD) y la Ley Org\u00e1nica 3\/2018 de 5 de diciembre (LOPDGDD), por lo que se le facilita la siguiente informaci\u00f3n del tratamiento:<\/p>\n\n<p style=\"text-align: justify;\"><strong>Datos del responsable:<\/strong><br \/>\nNombre comercial: MUNDO GESTION CEE<br \/>\nDenominaci\u00f3n social: MUNDO GESTION CEE SL<br \/>\nNIF: B73297244<br \/>\nDomicilio social: C\/Central 10, 8A, 30100 Espinardo (Murcia), Espa\u00f1a<br \/>\nTel\u00e9fono: 968 063 275<br \/>\nEmail: mundogestion@mundogestioncee.com<br \/>\nDominio: www.mundogestioncee.com<\/p>\n\n<p style=\"text-align: justify;\"><strong>Fin del tratamiento:<\/strong> mantener una relaci\u00f3n comercial con el Usuario y gestionar las solicitudes que \u00e9ste realice. Las operaciones previstas para realizar el tratamiento son:<\/p>\n\n<ul>\n  <li style=\"text-align: justify;\">Tramitar encargos, solicitudes o cualquier tipo de petici\u00f3n que sea realizada por el usuario a trav\u00e9s de cualquiera de las formas de contacto que se ponen a su disposici\u00f3n.<\/li>\n  <li style=\"text-align: justify;\">Remisi\u00f3n de comunicaciones comerciales publicitarias por email, SMS, comunidades sociales o cualquier otro medio electr\u00f3nico o f\u00edsico, presente o futuro, que posibilite realizar comunicaciones comerciales. Estas comunicaciones ser\u00e1n realizadas por el RESPONSABLE y relacionadas con sus productos y servicios, o de sus colaboradores o proveedores con los que \u00e9ste haya alcanzado alg\u00fan acuerdo de promoci\u00f3n. En este caso, los terceros nunca tendr\u00e1n acceso a los datos personales.<\/li>\n  <li style=\"text-align: justify;\">Remitir el bolet\u00edn de noticias de la p\u00e1gina web (si el Usuario se suscribe).<\/li>\n  <li style=\"text-align: justify;\">Realizar estudios estad\u00edsticos y anal\u00edtica interna de uso (cuando proceda y con las cookies\/medios habilitados legalmente).<\/li>\n<\/ul>\n\n<p style=\"text-align: justify;\"><strong>Base jur\u00eddica del tratamiento:<\/strong><\/p>\n<ul>\n  <li style=\"text-align: justify;\"><strong>Consentimiento del interesado<\/strong> (art. 6.1.a RGPD) para comunicaciones comerciales y bolet\u00edn, y para cookies no necesarias cuando se acepten.<\/li>\n  <li style=\"text-align: justify;\"><strong>Aplicaci\u00f3n de medidas precontractuales<\/strong> (art. 6.1.b RGPD) cuando el Usuario solicita informaci\u00f3n, propuesta o gesti\u00f3n relacionada con servicios del RESPONSABLE.<\/li>\n  <li style=\"text-align: justify;\"><strong>Cumplimiento de obligaciones legales<\/strong> (art. 6.1.c RGPD) cuando proceda (p. ej. obligaciones fiscales\/contables si existe contrataci\u00f3n y facturaci\u00f3n).<\/li>\n<\/ul>\n\n<p style=\"text-align: justify;\"><strong>Criterios de conservaci\u00f3n de los datos:<\/strong> se conservar\u00e1n durante no m\u00e1s tiempo del necesario para mantener el fin del tratamiento y, cuando ya no sea necesario para tal fin, se suprimir\u00e1n con medidas de seguridad adecuadas para garantizar la seudonimizaci\u00f3n de los datos o la destrucci\u00f3n total de los mismos, sin perjuicio de los plazos legales aplicables.<\/p>\n\n<p style=\"text-align: justify;\"><strong>Comunicaci\u00f3n de los datos:<\/strong> no se comunicar\u00e1n los datos a terceros, salvo obligaci\u00f3n legal. Podr\u00e1n acceder a los datos proveedores que presten servicios al RESPONSABLE (por ejemplo, hosting, mantenimiento, correo), en calidad de encargados del tratamiento, con el correspondiente contrato conforme al art. 28 RGPD.<\/p>\n\n<p style=\"text-align: justify;\"><strong>Derechos que asisten al Usuario:<\/strong><\/p>\n<ul>\n  <li style=\"text-align: justify;\">Derecho a retirar el consentimiento en cualquier momento.<\/li>\n  <li style=\"text-align: justify;\">Derecho de acceso, rectificaci\u00f3n, portabilidad y supresi\u00f3n de sus datos, y a la limitaci\u00f3n u oposici\u00f3n a su tratamiento.<\/li>\n  <li style=\"text-align: justify;\">Derecho a presentar una reclamaci\u00f3n ante la autoridad de control (www.aepd.es) si considera que el tratamiento no se ajusta a la normativa vigente.<\/li>\n<\/ul>\n\n<p style=\"text-align: justify;\"><strong>Datos de contacto para ejercer sus derechos:<\/strong><br \/>\nMUNDO GESTION CEE SL. C\/Central 10, 8A \u2013 30100 Espinardo (Murcia).<br \/>\nEmail: mundogestion@mundogestioncee.com<\/p>\n\n<p><strong>2. CAR\u00c1CTER OBLIGATORIO O FACULTATIVO DE LA INFORMACI\u00d3N FACILITADA POR EL USUARIO<\/strong><\/p>\n\n<p style=\"text-align: justify;\">Los Usuarios, mediante la marcaci\u00f3n de las casillas correspondientes y entrada de datos en los campos, marcados con un asterisco (*) en el formulario de contacto o presentados en formularios de descarga, aceptan expresamente y de forma libre e inequ\u00edvoca, que sus datos son necesarios para atender su petici\u00f3n, por parte del prestador, siendo voluntaria la inclusi\u00f3n de datos en los campos restantes. El Usuario garantiza que los datos personales facilitados al RESPONSABLE son veraces y se hace responsable de comunicar cualquier modificaci\u00f3n de los mismos.<\/p>\n\n<p style=\"text-align: justify;\">El RESPONSABLE informa y garantiza expresamente a los usuarios que sus datos personales no ser\u00e1n cedidos en ning\u00fan caso a terceros, y que siempre que realizara alg\u00fan tipo de cesi\u00f3n de datos personales, se pedir\u00e1 previamente el consentimiento expreso, informado e inequ\u00edvoco por parte los Usuarios. Todos los datos solicitados a trav\u00e9s del sitio web son obligatorios, ya que son necesarios para la prestaci\u00f3n de un servicio \u00f3ptimo al Usuario. En caso de que no sean facilitados todos los datos, no se garantiza que la informaci\u00f3n y servicios facilitados sean completamente ajustados a sus necesidades.<\/p>\n\n<p><strong>3. MEDIDAS DE SEGURIDAD<\/strong><\/p>\n\n<p style=\"text-align: justify;\">Que de conformidad con lo dispuesto en las normativas vigentes en protecci\u00f3n de datos personales, el RESPONSABLE est\u00e1 cumpliendo con todas las disposiciones de las normativas RGPD y LOPDGDD para el tratamiento de los datos personales de su responsabilidad, y manifiestamente con los principios descritos en el art\u00edculo 5 del RGPD, por los cuales son tratados de manera l\u00edcita, leal y transparente en relaci\u00f3n con el interesado y adecuados, pertinentes y limitados a lo necesario en relaci\u00f3n con los fines para los que son tratados.<\/p>\n\n<p style=\"text-align: justify;\">El RESPONSABLE garantiza que ha implementado pol\u00edticas t\u00e9cnicas y organizativas apropiadas para aplicar las medidas de seguridad que establecen el RGPD y la LOPDGDD con el fin de proteger los derechos y libertades de los Usuarios y les ha comunicado la informaci\u00f3n adecuada para que puedan ejercerlos.<\/p>\n\t\t\t\t<\/div>\n\t\t\t\t<\/div>\n\t\t\t\t\t<\/div>\n\t\t<\/div>\n\t\t\t\t\t<\/div>\n\t\t<\/section>\n\t\t\t\t<\/div>\n\t\t","protected":false},"excerpt":{"rendered":"<p>WEB: Pol\u00edtica de PRIVACIDAD POL\u00cdTICA DE PRIVACIDAD 1. INFORMACI\u00d3N AL USUARIO MUNDO GESTION CEE SL, en adelante RESPONSABLE, es el Responsable del tratamiento de los datos personales del Usuario y le informa que estos datos ser\u00e1n tratados de conformidad con lo dispuesto en el Reglamento (UE) 2016\/679 de 27 de abril (RGPD) y la Ley&hellip;<\/p>\n","protected":false},"author":1,"featured_media":0,"parent":0,"menu_order":0,"comment_status":"closed","ping_status":"closed","template":"","meta":{"footnotes":""},"class_list":["post-2383","page","type-page","status-publish","hentry"],"_links":{"self":[{"href":"https:\/\/www.mundogestioncee.com\/index.php\/wp-json\/wp\/v2\/pages\/2383","targetHints":{"allow":["GET"]}}],"collection":[{"href":"https:\/\/www.mundogestioncee.com\/index.php\/wp-json\/wp\/v2\/pages"}],"about":[{"href":"https:\/\/www.mundogestioncee.com\/index.php\/wp-json\/wp\/v2\/types\/page"}],"author":[{"embeddable":true,"href":"https:\/\/www.mundogestioncee.com\/index.php\/wp-json\/wp\/v2\/users\/1"}],"replies":[{"embeddable":true,"href":"https:\/\/www.mundogestioncee.com\/index.php\/wp-json\/wp\/v2\/comments?post=2383"}],"version-history":[{"count":7,"href":"https:\/\/www.mundogestioncee.com\/index.php\/wp-json\/wp\/v2\/pages\/2383\/revisions"}],"predecessor-version":[{"id":6472,"href":"https:\/\/www.mundogestioncee.com\/index.php\/wp-json\/wp\/v2\/pages\/2383\/revisions\/6472"}],"wp:attachment":[{"href":"https:\/\/www.mundogestioncee.com\/index.php\/wp-json\/wp\/v2\/media?parent=2383"}],"curies":[{"name":"wp","href":"https:\/\/api.w.org\/{rel}","templated":true}]}}